{"id":943,"date":"2023-01-04T11:50:13","date_gmt":"2023-01-04T11:50:13","guid":{"rendered":"https:\/\/www.kebro.be\/conditions-dutilisation\/"},"modified":"2023-01-04T11:50:13","modified_gmt":"2023-01-04T11:50:13","slug":"conditions-dutilisation","status":"publish","type":"page","link":"https:\/\/www.kebro.be\/fr\/conditions-dutilisation\/","title":{"rendered":"Conditions d&rsquo;utilisation"},"content":{"rendered":"<p>[et_pb_section fb_built=\u00a0\u00bb1&Prime; _builder_version=\u00a0\u00bb4.18.0&Prime; _module_preset=\u00a0\u00bbdefault\u00a0\u00bb hover_enabled=\u00a0\u00bb0&Prime; global_colors_info=\u00a0\u00bb{}\u00a0\u00bb background_color=\u00a0\u00bbrgba(65,109,122,0.05)\u00a0\u00bb sticky_enabled=\u00a0\u00bb0&Prime;][et_pb_row _builder_version=\u00a0\u00bb4.18.0&Prime; _module_preset=\u00a0\u00bbdefault\u00a0\u00bb global_colors_info=\u00a0\u00bb{}\u00a0\u00bb][et_pb_column type=\u00a0\u00bb4_4&Prime; _builder_version=\u00a0\u00bb4.18.0&Prime; _module_preset=\u00a0\u00bbdefault\u00a0\u00bb global_colors_info=\u00a0\u00bb{}\u00a0\u00bb][et_pb_text _builder_version=\u00a0\u00bb4.18.0&Prime; _module_preset=\u00a0\u00bbdefault\u00a0\u00bb header_font=\u00a0\u00bb|800|||||||\u00a0\u00bb global_colors_info=\u00a0\u00bb{}\u00a0\u00bb]<\/p>\n<h1>CONDITIONS D\u2019UTILISATION DU SITE WEB (CLAUSE DE NON-RESPONSABILIT\u00c9)<\/h1>\n<p>[\/et_pb_text][et_pb_text _builder_version=\u00a0\u00bb4.18.0&Prime; _module_preset=\u00a0\u00bbdefault\u00a0\u00bb global_colors_info=\u00a0\u00bb{}\u00a0\u00bb]<\/p>\n<p><strong>1. INTRODUCTION<span class=\"Apple-converted-space\">\u00a0<\/span><\/strong><\/p>\n<p>L\u2019utilisation du site Web <span class=\"s1\">www.kebro.be <\/span>(de <b>\u201cWebsite\u201d<\/b>) est soumise aux conditions d\u2019utilisation \u00e9nonc\u00e9es ci-dessous. En utilisant ce site Web, vous acceptez les pr\u00e9sentes conditions. Ces derni\u00e8res sont susceptibles d\u2019\u00eatre modifi\u00e9es : les conditions applicables sont celles en vigueur au moment de chaque connexion. Le site Web appartient \u00e0 Kebro nv\/sa, dont le si\u00e8ge social est situ\u00e9 \u00e0 Nijverheidslaan 1510, 3660 Oudsbergen et inscrite sous le num\u00e9ro d\u2019entreprise 0437 383 292 (ci-apr\u00e8s : <b>\u00ab Nous \u00bb ou la <b>\u00ab Soci\u00e9t\u00e9 \u00bb)<\/b>).<\/b><\/p>\n<p>&nbsp;<\/p>\n<p><b>2. UTILISATION DU SITE WEB<span class=\"Apple-converted-space\">\u00a0<\/span><\/b><\/p>\n<p>Nous attachons beaucoup d\u2019attention \u00e0 notre site Web. Malgr\u00e9 ces efforts, nous ne pouvons pas garantir le caract\u00e8re totalement correct, pr\u00e9cis et actualis\u00e9 des informations figurant sur le site Web. Ces donn\u00e9es ne peuvent donc \u00eatre utilis\u00e9es qu\u2019en tant qu\u2019informations g\u00e9n\u00e9rales. Nous ne pouvons pas non plus \u00eatre tenus responsables des dommages (in)directs d\u00e9coulant de l\u2019utilisation du site Web ou sur la base des informations mises \u00e0 disposition par le biais du site Web. Le site Web peut contenir des fichiers de tiers ou des liens hypertexte ou autres r\u00e9f\u00e9rences \u00e0 des sites Web de tiers. Notre entreprise n\u2019en est en aucun cas responsable. En outre, nous nous r\u00e9servons le droit d\u2019adapter, de modifier ou de compl\u00e9ter le contenu du site Web \u00e0 tout moment.<\/p>\n<p>&nbsp;<\/p>\n<p><b>3. PROPRI\u00c9T\u00c9 INTELLECTUELLE<span class=\"Apple-converted-space\">\u00a0<\/span><\/b><\/p>\n<p>L\u2019utilisation du site Web ne conf\u00e8re \u00e0 l\u2019utilisateur aucun droit de propri\u00e9t\u00e9 intellectuelle. Le contenu du site Web et les informations mises \u00e0 disposition appartiennent \u00e0 la propri\u00e9t\u00e9 intellectuelle exclusive de la soci\u00e9t\u00e9. Les informations consultables sur le site Web, sa conception, les textes, les dessins, les photos, les donn\u00e9es, les logos, les marques et autres \u00e9l\u00e9ments affich\u00e9s sont prot\u00e9g\u00e9s par le droit des marques et\/ou le droit d\u2019auteur et\/ou d\u2019autres r\u00e9glementations applicables, et ne peuvent \u00eatre reproduits sous aucune forme ni par aucun moyen. Toute violation donnera lieu \u00e0 une action en justice.<\/p>\n<p>&nbsp;<\/p>\n<p><b>4. PROTECTION DES DONN\u00c9ES \u00c0 CARACT\u00c8RE PERSONNEL<span class=\"Apple-converted-space\">\u00a0<\/span><\/b><\/p>\n<p>Notre Soci\u00e9t\u00e9 prend au s\u00e9rieux ses obligations en mati\u00e8re de confidentialit\u00e9 et de protection des donn\u00e9es. Pour plus d\u2019informations, veuillez consulter notre avis relatif \u00e0 la protection des donn\u00e9es sur le site Web.<span class=\"Apple-converted-space\">\u00a0<\/span><\/p>\n<p>&nbsp;<\/p>\n<p><strong>5. COOKIES<span class=\"Apple-converted-space\">\u00a0<\/span><\/strong><\/p>\n<p>Le site Web peut utiliser des cookies, qui permettent de stocker des informations pour faciliter l\u2019utilisation du site Web. Vous pouvez g\u00e9rer et\/ou d\u00e9sactiver l\u2019utilisation des cookies dans votre navigateur. Dans ce dernier cas, vous risquez n\u00e9anmoins de ne pas b\u00e9n\u00e9ficier du plein usage des fonctionnalit\u00e9s du site Web. L\u2019acceptation des cookies, par le biais de votre navigateur, peut \u00e9galement \u00eatre n\u00e9cessaire pour acc\u00e9der aux parties du site Web qui requi\u00e8rent l\u2019identification de l\u2019utilisateur.<\/p>\n<p>&nbsp;<\/p>\n<p><b>6. DROIT BELGE<span class=\"Apple-converted-space\">\u00a0<\/span><\/b><\/p>\n<p>Votre acc\u00e8s, votre visite ou votre utilisation du site Web et les pr\u00e9sentes conditions d\u2019utilisation sont r\u00e9gis par le droit belge. En cas de litige, seuls les tribunaux du si\u00e8ge social de la Soci\u00e9t\u00e9 sont comp\u00e9tents.<span class=\"Apple-converted-space\">\u00a0<\/span><\/p>\n<p>[\/et_pb_text][\/et_pb_column][\/et_pb_row][\/et_pb_section]<\/p>\n","protected":false},"excerpt":{"rendered":"<p>CONDITIONS D\u2019UTILISATION DU SITE WEB (CLAUSE DE NON-RESPONSABILIT\u00c9)1. INTRODUCTION\u00a0 L\u2019utilisation du site Web www.kebro.be (de \u201cWebsite\u201d) est soumise aux conditions d\u2019utilisation \u00e9nonc\u00e9es ci-dessous. En utilisant ce site Web, vous acceptez les pr\u00e9sentes conditions. Ces derni\u00e8res sont susceptibles d\u2019\u00eatre modifi\u00e9es : les conditions applicables sont celles en vigueur au moment de chaque connexion. Le site Web [&hellip;]<\/p>\n","protected":false},"author":1,"featured_media":0,"parent":0,"menu_order":0,"comment_status":"closed","ping_status":"closed","template":"","meta":{"_et_pb_use_builder":"on","_et_pb_old_content":"","_et_gb_content_width":"","inline_featured_image":false,"footnotes":""},"class_list":["post-943","page","type-page","status-publish","hentry"],"_links":{"self":[{"href":"https:\/\/www.kebro.be\/fr\/wp-json\/wp\/v2\/pages\/943","targetHints":{"allow":["GET"]}}],"collection":[{"href":"https:\/\/www.kebro.be\/fr\/wp-json\/wp\/v2\/pages"}],"about":[{"href":"https:\/\/www.kebro.be\/fr\/wp-json\/wp\/v2\/types\/page"}],"author":[{"embeddable":true,"href":"https:\/\/www.kebro.be\/fr\/wp-json\/wp\/v2\/users\/1"}],"replies":[{"embeddable":true,"href":"https:\/\/www.kebro.be\/fr\/wp-json\/wp\/v2\/comments?post=943"}],"version-history":[{"count":2,"href":"https:\/\/www.kebro.be\/fr\/wp-json\/wp\/v2\/pages\/943\/revisions"}],"predecessor-version":[{"id":945,"href":"https:\/\/www.kebro.be\/fr\/wp-json\/wp\/v2\/pages\/943\/revisions\/945"}],"wp:attachment":[{"href":"https:\/\/www.kebro.be\/fr\/wp-json\/wp\/v2\/media?parent=943"}],"curies":[{"name":"wp","href":"https:\/\/api.w.org\/{rel}","templated":true}]}}